{"id":332,"date":"2023-09-28T10:38:07","date_gmt":"2023-09-28T10:38:07","guid":{"rendered":"https:\/\/beautycorporationsa.com\/?post_type=product&#038;p=332"},"modified":"2023-10-03T17:21:41","modified_gmt":"2023-10-03T17:21:41","slug":"linea-natura-elixir","status":"publish","type":"product","link":"https:\/\/beautycorporationsa.com\/?product=linea-natura-elixir","title":{"rendered":"L\u00ednea Natura Elixir"},"content":{"rendered":"","protected":false},"excerpt":{"rendered":"<p style=\"text-align: justify;\">\u00a1Nuestra Loci\u00f3n Antica\u00edda es tu soluci\u00f3n para combatir la p\u00e9rdida de cabello! Infundida con pimiento, \u00e1rnica, romero, salvia, ortiga, abedul y menta, fortalece los fol\u00edculos, estimula el cuero cabelludo y promueve un cabello m\u00e1s grueso y saludable. \u00a1Recupera tu confianza capilar hoy!<\/p>\n","protected":false},"featured_media":165,"template":"","meta":[],"product_cat":[15],"product_tag":[],"class_list":{"0":"post-332","1":"product","2":"type-product","3":"status-publish","4":"has-post-thumbnail","6":"product_cat-sin-categorizar","8":"first","9":"instock","10":"shipping-taxable","11":"product-type-simple"},"_links":{"self":[{"href":"https:\/\/beautycorporationsa.com\/index.php?rest_route=\/wp\/v2\/product\/332","targetHints":{"allow":["GET"]}}],"collection":[{"href":"https:\/\/beautycorporationsa.com\/index.php?rest_route=\/wp\/v2\/product"}],"about":[{"href":"https:\/\/beautycorporationsa.com\/index.php?rest_route=\/wp\/v2\/types\/product"}],"wp:featuredmedia":[{"embeddable":true,"href":"https:\/\/beautycorporationsa.com\/index.php?rest_route=\/wp\/v2\/media\/165"}],"wp:attachment":[{"href":"https:\/\/beautycorporationsa.com\/index.php?rest_route=%2Fwp%2Fv2%2Fmedia&parent=332"}],"wp:term":[{"taxonomy":"product_cat","embeddable":true,"href":"https:\/\/beautycorporationsa.com\/index.php?rest_route=%2Fwp%2Fv2%2Fproduct_cat&post=332"},{"taxonomy":"product_tag","embeddable":true,"href":"https:\/\/beautycorporationsa.com\/index.php?rest_route=%2Fwp%2Fv2%2Fproduct_tag&post=332"}],"curies":[{"name":"wp","href":"https:\/\/api.w.org\/{rel}","templated":true}]}}